{"id":3,"date":"2022-08-23T16:13:43","date_gmt":"2022-08-23T16:13:43","guid":{"rendered":"http:\/\/adwokat-malec.pl\/?page_id=3"},"modified":"2022-08-23T20:57:19","modified_gmt":"2022-08-23T20:57:19","slug":"privacy-policy","status":"publish","type":"page","link":"https:\/\/adwokat-malec.pl\/index.php\/privacy-policy\/","title":{"rendered":"Klauzula Informacyjna"},"content":{"rendered":"\n<h1 class=\"wp-block-heading\"><\/h1>\n\n\n\n<p><\/p>\n\n\n\n<h3 class=\"wp-block-heading\"><strong style=\"color: revert; font-size: revert;\">INFORMACJA<\/strong> <strong>DOTYCZ\u0104CA PRZETWARZANIA DANYCH OSOBOWYCH<\/strong><\/h3>\n\n\n\n<p>Zgodnie z art. 13 ust. 1 i ust. 2 Rozporz\u0105dzenia Parlamentu Europejskiego i Rady (UE) 2016\/679 z dnia 27 kwietnia 2016 r. w sprawie ochrony os\u00f3b fizycznych w zwi\u0105zku z przetwarzaniem danych osobowych i w sprawie swobodnego przep\u0142ywu takich danych oraz uchylenia dyrektywy 95\/46\/WE (zwanego dalej: \u201eRODO\u201d), informuj\u0119 i\u017c:<\/p>\n\n\n\n<h4 class=\"wp-block-heading\">1. Administrator danych osobowych.<\/h4>\n\n\n\n<p>Administratorem Pa\u0144stwa danych osobowych jest Joanna Malec prowadz\u0105ca dzia\u0142alno\u015b\u0107 gospodarcz\u0105 pod firm\u0105: Kancelaria Adwokacka Adwokat Joanna Malec, ul. Dzieci Warszawy 29\/27, 02-495 Warszawa, NIP: 6581966137, adres e-mail:&nbsp;adw.joannamalec@gmail.com<\/p>\n\n\n\n<h4 class=\"wp-block-heading\">2. Rodzaj przetwarzanych danych osobowych.<\/h4>\n\n\n\n<p>Przetwarzanie danych osobowych obejmuje nast\u0119puj\u0105ce rodzaje danych:<\/p>\n\n\n\n<p>\u2013 imi\u0119\/ imiona i nazwisko,<\/p>\n\n\n\n<p>\u2013 oznaczenie firmy;<\/p>\n\n\n\n<p>\u2013 adres e-mail,<\/p>\n\n\n\n<p>\u2013 numer telefonu,<\/p>\n\n\n\n<p>\u2013 adres do korespondencji,<\/p>\n\n\n\n<p>\u2013 dane przekazane przez Pa\u0144stwa w trakcie realizacji umowy zawieranej z Administratorem w zwi\u0105zku ze \u015bwiadczonymi us\u0142ugami prawnymi,<\/p>\n\n\n\n<p>\u2013 dane uzyskane od innych os\u00f3b w trakcie realizacji umowy (np. strony przeciwnej, s\u0105du, komornika).<\/p>\n\n\n\n<h4 class=\"wp-block-heading\">3. Cel przetwarzania danych osobowych oraz podstawa prawna ich przetwarzania.<\/h4>\n\n\n\n<p>1. Pa\u0144stwa dane osobowe b\u0119d\u0105 przetwarzane zgodnie z zasadami wskazanymi w art. 5 RODO oraz art. 6 ustawy z dnia 26.05.1982r. Prawo o adwokaturze (j.t. Dz.U. 2017r., poz. 2368 z p\u00f3\u017an. zm.) w celu:<\/p>\n\n\n\n<p>a. wywi\u0105zania si\u0119 Administratora z obowi\u0105zk\u00f3w wynikaj\u0105cych z umowy o \u015bwiadczenie pomocy prawnej, zgodnie z art. 6 ust. 1 lit. a RODO,<\/p>\n\n\n\n<p>b. wype\u0142nienia obowi\u0105zk\u00f3w Administratora w interesie osoby, kt\u00f3rej dane dotycz\u0105 przed zawarciem umowy, zgodnie z art. 6 ust. 1 lit. b RODO,<\/p>\n\n\n\n<p>c. wywi\u0105zania si\u0119 z obowi\u0105zku prawnego ci\u0105\u017c\u0105cego na Administratorze, zgodnie z art. 6 ust. 1 lit. c RODO.<\/p>\n\n\n\n<p>2. Podanie danych osobowych jest dobrowolne. Przetwarzanie danych osobowych jest jednak niezb\u0119dne w celu realizacji umownych obowi\u0105zk\u00f3w Administratora w zakresie \u015bwiadczenie us\u0142ug pomocy prawnej.<\/p>\n\n\n\n<h4 class=\"wp-block-heading\">4. Odbiorcy danych osobowych.<\/h4>\n\n\n\n<p>1. Pa\u0144stwa dane osobowe mog\u0105 by\u0107 udost\u0119pniane nast\u0119puj\u0105cym podmiotom:<\/p>\n\n\n\n<p>\u2013 podmiotom zajmuj\u0105cych si\u0119 w ramach prowadzonej dzia\u0142alno\u015bci gospodarczej Administratora obs\u0142ug\u0105 ksi\u0119gow\u0105 i rachunkow\u0105;<\/p>\n\n\n\n<p>\u2013 podmiot\u00f3w zajmuj\u0105cych si\u0119 w ramach prowadzonej dzia\u0142alno\u015bci gospodarczej Administratora obs\u0142ug\u0105 system\u00f3w informatycznych;<\/p>\n\n\n\n<p>\u2013 s\u0105dom powszechnym, s\u0105dom administracyjnym, organom administracyjnym;<\/p>\n\n\n\n<p>\u2013 podmiotom wsp\u00f3\u0142pracuj\u0105cym z Administratorem na potrzeby realizacji us\u0142ug pomocy prawnej lub celem wykonania obowi\u0105zk\u00f3w wynikaj\u0105cych z przepis\u00f3w prawa.<\/p>\n\n\n\n<p>2. Administrator nie zamierza przekazywa\u0107 Pa\u0144stwa danych osobowych do pa\u0144stwa trzeciego ani do organizacji mi\u0119dzynarodowych.<\/p>\n\n\n\n<h4 class=\"wp-block-heading\">5. Okres przetwarzania i przechowywania danych osobowych.<\/h4>\n\n\n\n<p>Pa\u0144stwa dane osobowe b\u0119d\u0105 przetwarzane do czasu ustania celu ich przetwarzania w zwi\u0105zku z zawart\u0105 umow\u0105 o \u015bwiadczenie pomocy prawnej lub do czasu wycofania zgody na ich przetwarzanie, nie d\u0142u\u017cej jednak ni\u017c do przedawnienia dochodzenia roszczenia lub zatarcia skazania.<\/p>\n\n\n\n<h4 class=\"wp-block-heading\">6. Prawa os\u00f3b, kt\u00f3rych dane osobowe s\u0105 przetwarzane.<\/h4>\n\n\n\n<p>Osobie, kt\u00f3rej dane osobowe dotycz\u0105, przys\u0142uguj\u0105 nast\u0119puj\u0105ce prawa:<\/p>\n\n\n\n<p>a. prawo dost\u0119pu do jej danych, zgodnie z art. 24 ust. 1 pkt 3 UODO oraz art. 15 RODO;<\/p>\n\n\n\n<p>b. prawo sprostowania jej danych, zgodnie z art. 24 ust. 1 pkt 3 UODO oraz art. 16 RODO;<\/p>\n\n\n\n<p>c. prawo usuni\u0119cia jej danych (\u201eprawo do bycia zapomnianym\u201d), zgodnie z art. 17 RODO;<\/p>\n\n\n\n<p>d. prawo ograniczenia jej danych, zgodnie z art. 18 RODO;<\/p>\n\n\n\n<p>e. prawo przeniesienia jej danych, zgodnie z art. 20 RODO;<\/p>\n\n\n\n<p>f. prawo sprzeciwu wobec przetwarzania danych, zgodnie z art. 21 RODO.<\/p>\n\n\n\n<p>W celu skorzystania z w\/w praw, nale\u017cy skontaktowa\u0107 si\u0119 z Administratorem w jeden ze sposob\u00f3w wskazanych w punkcie II niniejszej klauzuli informacyjnej.<\/p>\n\n\n\n<p>Osoba, kt\u00f3rej dane dotycz\u0105 ma r\u00f3wnie\u017c prawo do wniesienia skargi do organu nadzorczego \u2013 Prezesa Urz\u0119du Ochrony Danych Osobowych, je\u015bli s\u0105dzi, \u017ce przetwarzanie jego danych osobowych narusza RODO.<\/p>\n\n\n\n<h4 class=\"wp-block-heading\">7. Kontakt z Administratorem.<\/h4>\n\n\n\n<p>Mo\u017cliwe formy kontaktu z Administratorem to:<\/p>\n\n\n\n<p>1) kontakt telefoniczny:&nbsp;<a href=\"tel:+48514080680\">+48&nbsp;<\/a><a href=\"tel:+48 692 502 505\">692 502 505<\/a><\/p>\n\n\n\n<p>2) kontakt za pomoc\u0105 poczty elektronicznej e-mail:\u00a0<a href=\"mailto:adw.orlikowski@gmail.com\"><\/a><a href=\"mailto:adw.joannamalec@gmail.com\">adw.joannamalec@gmail.com<\/a><\/p>\n\n\n\n<p>3) kontakt listowny na adres korespondencyjny: pl. Mirowski 12\/19 Warszawa, 00-138 Warszawa<\/p>\n","protected":false},"excerpt":{"rendered":"<p>INFORMACJA DOTYCZ\u0104CA PRZETWARZANIA DANYCH OSOBOWYCH Zgodnie z art. 13 ust. 1 i ust. 2 Rozporz\u0105dzenia Parlamentu Europejskiego i Rady (UE) 2016\/679 z dnia 27 kwietnia 2016 r. w sprawie ochrony os\u00f3b fizycznych w zwi\u0105zku z przetwarzaniem danych osobowych i w sprawie swobodnego przep\u0142ywu takich danych oraz uchylenia dyrektywy 95\/46\/WE (zwanego dalej: \u201eRODO\u201d), informuj\u0119 i\u017c: 1. [&hellip;]<\/p>\n","protected":false},"author":1,"featured_media":0,"parent":0,"menu_order":0,"comment_status":"closed","ping_status":"open","template":"page-templates\/page_fullwidth.php","meta":{"footnotes":""},"class_list":["post-3","page","type-page","status-publish","hentry"],"_links":{"self":[{"href":"https:\/\/adwokat-malec.pl\/index.php\/wp-json\/wp\/v2\/pages\/3","targetHints":{"allow":["GET"]}}],"collection":[{"href":"https:\/\/adwokat-malec.pl\/index.php\/wp-json\/wp\/v2\/pages"}],"about":[{"href":"https:\/\/adwokat-malec.pl\/index.php\/wp-json\/wp\/v2\/types\/page"}],"author":[{"embeddable":true,"href":"https:\/\/adwokat-malec.pl\/index.php\/wp-json\/wp\/v2\/users\/1"}],"replies":[{"embeddable":true,"href":"https:\/\/adwokat-malec.pl\/index.php\/wp-json\/wp\/v2\/comments?post=3"}],"version-history":[{"count":7,"href":"https:\/\/adwokat-malec.pl\/index.php\/wp-json\/wp\/v2\/pages\/3\/revisions"}],"predecessor-version":[{"id":42,"href":"https:\/\/adwokat-malec.pl\/index.php\/wp-json\/wp\/v2\/pages\/3\/revisions\/42"}],"wp:attachment":[{"href":"https:\/\/adwokat-malec.pl\/index.php\/wp-json\/wp\/v2\/media?parent=3"}],"curies":[{"name":"wp","href":"https:\/\/api.w.org\/{rel}","templated":true}]}}